{"id":13188,"date":"2019-06-03T17:07:38","date_gmt":"2019-06-03T15:07:38","guid":{"rendered":"http:\/\/www.aasociados-ls.com\/nueva\/?page_id=13188"},"modified":"2025-10-27T22:16:17","modified_gmt":"2025-10-27T21:16:17","slug":"aviso-legal","status":"publish","type":"page","link":"https:\/\/www.aasociados-ls.com\/nueva\/aviso-legal\/","title":{"rendered":"Aviso Legal"},"content":{"rendered":"<p><span style=\"color: #ff0000;\"><strong>AVISO LEGAL<\/strong><\/span><\/p>\n<p style=\"text-align: justify;\">JIMENO SALCEDO ASESORES ASOCIADOS, S.L., con CIF\/NIF n\u00ba: B83506196 y direcci\u00f3n en: Calle Cronos 20 Bloque 2 Bajo 10, 28037 &#8211; Madrid (Madrid), no puede asumir ninguna responsabilidad derivada del uso incorrecto, inapropiado o il\u00edcito de la informaci\u00f3n aparecida en las p\u00e1ginas web de: <a href=\"https:\/\/www.aasociados-ls.com\/nueva\">www.aasociados-ls.com\/nueva<\/a><\/p>\n<p style=\"text-align: justify;\">Que JIMENO SALCEDO ASESORES ASOCIADOS, S.L. consta inscrita en el Registro Mercantil de Madrid, Tomo 18.322, Libro 0, Folio 162, Secci\u00f3n 8\u00aa, Hoja M: 317725..<\/p>\n<p style=\"text-align: justify;\">Con los l\u00edmites establecidos en la ley, JIMENO SALCEDO ASESORES ASOCIADOS, S.L. no asume ninguna responsabilidad derivada de la falta de veracidad, integridad, actualizaci\u00f3n y precisi\u00f3n de los datos o informaciones que contienen sus p\u00e1ginas web.<\/p>\n<p style=\"text-align: justify;\">Los contenidos e informaci\u00f3n no vinculan a JIMENO SALCEDO ASESORES ASOCIADOS, S.L. ni constituyen opiniones, consejos o asesoramiento legal de ning\u00fan tipo pues se trata meramente de un servicio ofrecido con car\u00e1cter informativo y divulgativo.<\/p>\n<p style=\"text-align: justify;\">Las p\u00e1ginas de Internet de JIMENO SALCEDO ASESORES ASOCIADOS, S.L. pueden contener enlaces (links) a otras p\u00e1ginas de terceras partes que JIMENO SALCEDO ASESORES ASOCIADOS, S.L. no puede controlar. Por lo tanto, JIMENO SALCEDO ASESORES ASOCIADOS, S.L. no puede asumir responsabilidades por el contenido que pueda aparecer en p\u00e1ginas de terceros.<\/p>\n<p style=\"text-align: justify;\">Los textos, im\u00e1genes, sonidos, animaciones, software y el resto de contenidos incluidos en este website son propiedad exclusiva de JIMENO SALCEDO ASESORES ASOCIADOS, S.L. o sus licenciantes. Cualquier acto de transmisi\u00f3n, distribuci\u00f3n, cesi\u00f3n, reproducci\u00f3n, almacenamiento o comunicaci\u00f3n p\u00fablica total o parcial, deber\u00e1 contar con el consentimiento expreso de JIMENO SALCEDO ASESORES ASOCIADOS, S.L..<\/p>\n<p style=\"text-align: justify;\">Asimismo, para acceder a algunos de los servicios que JIMENO SALCEDO ASESORES ASOCIADOS, S.L. ofrece a trav\u00e9s del sitio web, deber\u00e1 proporcionar algunos datos de car\u00e1cter personal. En cumplimiento de lo establecido en el Reglamento (UE) 2016\/679 del Parlamento Europeo y del Consejo, de 27 de abril de 2016, relativo a la protecci\u00f3n de las personas f\u00edsicas en lo que respecta al tratamiento de datos personales y a la libre circulaci\u00f3n de estos datos le informamos que, mediante la cumplimentaci\u00f3n de los presentes formularios, sus datos personales quedar\u00e1n incorporados y ser\u00e1n tratados en los ficheros de JIMENO SALCEDO ASESORES ASOCIADOS, S.L. con el fin de poderle prestar y ofrecer nuestros servicios as\u00ed como para informarle de las mejoras del sitio Web.<\/p>\n<p style=\"text-align: justify;\">Le informamos tambi\u00e9n de que tendr\u00e1 la posibilidad en todo momento de ejercer los derechos de acceso, rectificaci\u00f3n, cancelaci\u00f3n, oposici\u00f3n, limitaci\u00f3n y portabilidad de sus datos de car\u00e1cter personal, de manera gratuita mediante email a: <a href=\"asesores@aasociados-ls.com\"> asesores@aasociados-ls.com<\/a> o en la direcci\u00f3n: Calle Maestro Alonso, 22 Local 8, 28028 &#8211; Madrid (Madrid).<\/p>\n","protected":false},"excerpt":{"rendered":"<p>AVISO LEGAL JIMENO SALCEDO ASESORES ASOCIADOS, S.L., con CIF\/NIF n\u00ba: B83506196 y direcci\u00f3n [&hellip;]<\/p>\n","protected":false},"author":2,"featured_media":0,"parent":0,"menu_order":6,"comment_status":"closed","ping_status":"closed","template":"100-width.php","meta":{"footnotes":""},"class_list":["post-13188","page","type-page","status-publish","hentry"],"_links":{"self":[{"href":"https:\/\/www.aasociados-ls.com\/nueva\/wp-json\/wp\/v2\/pages\/13188","targetHints":{"allow":["GET"]}}],"collection":[{"href":"https:\/\/www.aasociados-ls.com\/nueva\/wp-json\/wp\/v2\/pages"}],"about":[{"href":"https:\/\/www.aasociados-ls.com\/nueva\/wp-json\/wp\/v2\/types\/page"}],"author":[{"embeddable":true,"href":"https:\/\/www.aasociados-ls.com\/nueva\/wp-json\/wp\/v2\/users\/2"}],"replies":[{"embeddable":true,"href":"https:\/\/www.aasociados-ls.com\/nueva\/wp-json\/wp\/v2\/comments?post=13188"}],"version-history":[{"count":6,"href":"https:\/\/www.aasociados-ls.com\/nueva\/wp-json\/wp\/v2\/pages\/13188\/revisions"}],"predecessor-version":[{"id":13214,"href":"https:\/\/www.aasociados-ls.com\/nueva\/wp-json\/wp\/v2\/pages\/13188\/revisions\/13214"}],"wp:attachment":[{"href":"https:\/\/www.aasociados-ls.com\/nueva\/wp-json\/wp\/v2\/media?parent=13188"}],"curies":[{"name":"wp","href":"https:\/\/api.w.org\/{rel}","templated":true}]}}