{"id":13178,"date":"2019-06-03T16:52:15","date_gmt":"2019-06-03T14:52:15","guid":{"rendered":"http:\/\/www.aasociados-ls.com\/nueva\/?page_id=13178"},"modified":"2025-10-27T22:16:19","modified_gmt":"2025-10-27T21:16:19","slug":"proteccion-legal","status":"publish","type":"page","link":"https:\/\/www.aasociados-ls.com\/nueva\/proteccion-legal\/","title":{"rendered":"Pol\u00edtica Legal"},"content":{"rendered":"<p style=\"text-align: justify;\"><strong><span style=\"color: #ff0000;\">POL\u00cdTICA DE PRIVACIDAD<\/span><\/strong><\/p>\n<p style=\"text-align: justify;\"><span style=\"color: #000000;\"><strong>Protecci\u00f3n de datos de car\u00e1cter personal seg\u00fan el RGPD<\/strong><\/span><\/p>\n<p style=\"text-align: justify;\">JIMENO SALCEDO ASESORES ASOCIADOS, S.L., en aplicaci\u00f3n de la normativa vigente en materia de protecci\u00f3n de datos de car\u00e1cter personal, informa que los datos personales que se recogen a trav\u00e9s de los formularios del Sitio web: <a href=\"https:\/\/www.aasociados-ls.com\/nueva\">www.aasociados-ls.com\/nueva<\/a>, se incluyen en los ficheros automatizados espec\u00edficos de usuarios de los servicios de JIMENO SALCEDO ASESORES ASOCIADOS, S.L.<\/p>\n<p style=\"text-align: justify;\">La recogida y tratamiento automatizado de los datos de car\u00e1cter personal tiene como finalidad el mantenimiento de la relaci\u00f3n comercial y el desempe\u00f1o de tareas de informaci\u00f3n, formaci\u00f3n, asesoramiento y otras actividades propias de JIMENO SALCEDO ASESORES ASOCIADOS, S.L.<\/p>\n<p style=\"text-align: justify;\">Estos datos \u00fanicamente ser\u00e1n cedidos a aquellas entidades que sean necesarias con el \u00fanico objetivo de dar<br \/>\ncumplimiento a la finalidad anteriormente expuesta.<\/p>\n<p style=\"text-align: justify;\">JIMENO SALCEDO ASESORES ASOCIADOS, S.L. adopta las medidas necesarias para garantizar la seguridad, integridad y confidencialidad de los datos conforme a lo dispuesto en el Reglamento (UE) 2016\/679 del Parlamento Europeo y del Consejo, de 27 de abril de 2016, relativo a la protecci\u00f3n de las personas f\u00edsicas en lo que respecta al tratamiento de datos personales y a la libre circulaci\u00f3n de los mismos.<\/p>\n<p style=\"text-align: justify;\">El usuario podr\u00e1 en cualquier momento ejercitar los derechos de acceso, oposici\u00f3n, rectificaci\u00f3n, cancelaci\u00f3n, limitaci\u00f3n y portabilidad reconocidos en el citado Reglamento (UE). El ejercicio de estos derechos puede realizarlo el propio usuario a trav\u00e9s de email a: <a href=\"mailto:asesores@aasociados-ls.com\">asesores@aasociados-ls.com<\/a> o en la direcci\u00f3n: Calle Cronos 20 Bloque 2 Bajo 10, C.P. 28037 &#8211; Madrid (Madrid).<\/p>\n<p style=\"text-align: justify;\">El usuario manifiesta que todos los datos facilitados por \u00e9l son ciertos y correctos, y se compromete a mantenerlos<br \/>\nactualizados, comunicando los cambios a JIMENO SALCEDO ASESORES ASOCIADOS, S.L.<\/p>\n<p style=\"text-align: justify;\"><strong>Finalidad del tratamiento de los datos personales:<\/strong><\/p>\n<p style=\"text-align: justify;\"><strong>\u00bfCon qu\u00e9 finalidad trataremos tus datos personales?<\/strong><\/p>\n<p style=\"text-align: justify;\">En JIMENO SALCEDO ASESORES ASOCIADOS, S.L., trataremos tus datos personales recabados a trav\u00e9s del Sitio Web: <a href=\"https:\/\/www.aasociados-ls.com\/nueva\">www.aasociados-ls.com\/nueva<\/a>, con las siguientes finalidades:<\/p>\n<p style=\"text-align: justify;\"><strong>1.<\/strong> En caso de contrataci\u00f3n de los bienes y servicios ofertados a trav\u00e9s de <a href=\"https:\/\/www.aasociados-ls.com\/nueva\">www.aasociados-ls.com\/nueva<\/a>, para mantener la relaci\u00f3n contractual, as\u00ed como la gesti\u00f3n, administraci\u00f3n, informaci\u00f3n, prestaci\u00f3n y mejora del servicio.<\/p>\n<p style=\"text-align: justify;\"><strong>2.<\/strong> Env\u00edo de informaci\u00f3n solicitada a trav\u00e9s de los formularios dispuestos en www.aasociados-ls.com\/nueva.<\/p>\n<p style=\"text-align: justify;\"><strong>3.<\/strong> Remitir boletines (newsletters), as\u00ed como comunicaciones comerciales de promociones y\/o publicidad de <a href=\"https:\/\/www.aasociados-ls.com\/nueva\">www.aasociados-ls.com\/nueva<\/a> y del sector.<\/p>\n<p style=\"text-align: justify;\">Te recordamos que puedes oponerte al env\u00edo de comunicaciones comerciales por cualquier v\u00eda y en cualquier momento, remitiendo un correo electr\u00f3nico a la direcci\u00f3n anteriormente indicada.<\/p>\n<p style=\"text-align: justify;\">Los campos de dichos registros son de cumplimentaci\u00f3n obligatoria, siendo imposible realizar las finalidades expresadas si no se aportan esos datos.<\/p>\n<p style=\"text-align: justify;\"><strong>\u00bfPor cu\u00e1nto tiempo se conservan los datos personales recabados?<\/strong><\/p>\n<p style=\"text-align: justify;\">Los datos personales proporcionados se conservar\u00e1n mientras se mantenga la relaci\u00f3n comercial o no solicites su supresi\u00f3n y durante el plazo por el cu\u00e1l pudieran derivarse responsabilidades legales por los servicios prestados.<strong><br \/>\n<\/strong><\/p>\n<p style=\"text-align: justify;\"><strong>Legitimaci\u00f3n:<\/strong><\/p>\n<p style=\"text-align: justify;\">El tratamiento de tus datos se realiza con las siguientes bases jur\u00eddicas que legitiman el mismo:<\/p>\n<p style=\"text-align: justify;\"><strong>1.<\/strong> La solicitud de informaci\u00f3n y\/o la contrataci\u00f3n de los servicios de JIMENO SALCEDO ASESORES ASOCIADOS, S.L., cuyos t\u00e9rminos y condiciones se pondr\u00e1n a tu disposici\u00f3n en todo caso, de forma previa a una eventual contrataci\u00f3n.<\/p>\n<p style=\"text-align: justify;\"><strong>2.<\/strong> El consentimiento libre, espec\u00edfico, informado e inequ\u00edvoco, en tanto que te informamos poniendo a tu disposici\u00f3n la presente pol\u00edtica de privacidad, que tras la lectura de la misma, en caso de estar conforme, puedes aceptar mediante una declaraci\u00f3n o una clara acci\u00f3n afirmativa, como el marcado de una casilla dispuesta al efecto.<\/p>\n<p style=\"text-align: justify;\">En caso de que no nos facilites tus datos o lo hagas de forma err\u00f3nea o incompleta, no podremos atender tu solicitud, resultando del todo imposible proporcionarte la informaci\u00f3n solicitada o llevar a cabo la contrataci\u00f3n de los servicios.<\/p>\n<p style=\"text-align: justify;\"><strong>Destinatarios:<br \/>\n<\/strong><br \/>\nLos datos no se comunicar\u00e1n a ning\u00fan tercero ajeno a JIMENO SALCEDO ASESORES ASOCIADOS, S.L., salvo<br \/>\nobligaci\u00f3n legal.<\/p>\n<p style=\"text-align: justify;\"><strong>Datos recopilados por usuarios de los servicios<br \/>\n<\/strong><br \/>\nEn los casos en que el usuario incluya ficheros con datos de car\u00e1cter personal en los servidores de alojamiento compartido, JIMENO SALCEDO ASESORES ASOCIADOS, S.L. no se hace responsable del incumplimiento por parte del usuario del RGPD.<\/p>\n<p style=\"text-align: justify;\"><strong>Retenci\u00f3n de datos en conformidad a la LSSI<br \/>\n<\/strong><br \/>\nJIMENO SALCEDO ASESORES ASOCIADOS, S.L. informa de que, como prestador de servicio de alojamiento de datos y en virtud de lo establecido en la Ley 34\/2002 de 11 de julio de Servicios de la Sociedad de la Informaci\u00f3n y de Comercio Electr\u00f3nico (LSSI), retiene por un periodo m\u00e1ximo de 12 meses la informaci\u00f3n imprescindible para identificar el origen de los datos alojados y el momento en que se inici\u00f3 la prestaci\u00f3n del servicio. La retenci\u00f3n de estos datos no afecta al secreto de las comunicaciones y s\u00f3lo podr\u00e1n ser utilizados en el marco de una investigaci\u00f3n criminal o para la salvaguardia de la seguridad p\u00fablica, poni\u00e9ndose a disposici\u00f3n de los jueces y\/o tribunales o del Ministerio que as\u00ed los requiera.<\/p>\n<p style=\"text-align: justify;\">La comunicaci\u00f3n de datos a las Fuerzas y Cuerpos del Estado se har\u00e1 en virtud a lo dispuesto en la normativa sobre protecci\u00f3n de datos personales.<\/p>\n<p style=\"text-align: justify;\"><strong>Derechos propiedad intelectual <a href=\"https:\/\/www.aasociados-ls.com\/nueva\">www.aasociados-ls.com\/nueva<\/a><\/strong><\/p>\n<p style=\"text-align: justify;\">JIMENO SALCEDO ASESORES ASOCIADOS, S.L. es titular de todos los derechos de autor, propiedad intelectual, industrial, \u00abknow how\u00bb y cuantos otros derechos guardan relaci\u00f3n con los contenidos del sitio web <a href=\"https:\/\/www.aasociados-ls.com\/nueva\">www.aasociados-ls.com\/nueva<\/a> y los servicios ofertados en el mismo, as\u00ed como de los programas necesarios para su implementaci\u00f3n y la informaci\u00f3n relacionada.<\/p>\n<p style=\"text-align: justify;\">No se permite la reproducci\u00f3n, publicaci\u00f3n y\/o uso no estrictamente privado de los contenidos, totales o parciales, del sitio web www.aasociados-ls.com\/nueva sin el consentimiento previo y por escrito.<\/p>\n<p style=\"text-align: justify;\"><strong>Propiedad intelectual del software<br \/>\n<\/strong><br \/>\nEl usuario debe respetar los programas de terceros puestos a su disposici\u00f3n por JIMENO SALCEDO ASESORES ASOCIADOS, S.L., a\u00fan siendo gratuitos y\/o de disposici\u00f3n p\u00fablica.<\/p>\n<p style=\"text-align: justify;\">JIMENO SALCEDO ASESORES ASOCIADOS, S.L. dispone de los derechos de explotaci\u00f3n y propiedad intelectual necesarios del software.<\/p>\n<p style=\"text-align: justify;\">El usuario no adquiere derecho alguno o licencia por el servicio contratado, sobre el software necesario para la prestaci\u00f3n del servicio, ni tampoco sobre la informaci\u00f3n t\u00e9cnica de seguimiento del servicio, excepci\u00f3n hecha de los derechos y licencias necesarios para el cumplimiento de los servicios contratados y \u00fanicamente durante la duraci\u00f3n de<br \/>\nlos mismos.<\/p>\n<p style=\"text-align: justify;\">Para toda actuaci\u00f3n que exceda del cumplimiento del contrato, el usuario necesitar\u00e1 autorizaci\u00f3n por escrito por parte de JIMENO SALCEDO ASESORES ASOCIADOS, S.L., quedando prohibido al usuario acceder, modificar, visualizar la configuraci\u00f3n, estructura y ficheros de los servidores propiedad de JIMENO SALCEDO ASESORES ASOCIADOS, S.L., asumiendo la responsabilidad civil y penal derivada de cualquier incidencia que se pudiera producir en los servidores y sistemas de seguridad como consecuencia directa de una actuaci\u00f3n negligente o maliciosa por su parte.<\/p>\n<p style=\"text-align: justify;\"><strong>Protecci\u00f3n de la informaci\u00f3n alojada<br \/>\n<\/strong><br \/>\nJIMENO SALCEDO ASESORES ASOCIADOS, S.L. realiza copias de seguridad de los contenidos alojados en sus servidores, sin embargo no se responsabiliza de la p\u00e9rdida o el borrado accidental de los datos por parte de los usuarios. De igual manera, no garantiza la reposici\u00f3n total de los datos borrados por los usuarios, ya que los citados datos podr\u00edan haber sido suprimidos y\/o modificados durante el periodo del tiempo transcurrido desde la \u00faltima copia de seguridad.<\/p>\n<p style=\"text-align: justify;\">Los servicios ofertados, excepto los servicios espec\u00edficos de backup, no incluyen la reposici\u00f3n de los contenidos conservados en las copias de seguridad realizadas por JIMENO SALCEDO ASESORES ASOCIADOS, S.L., cuando esta p\u00e9rdida sea imputable al usuario; en este caso, se determinar\u00e1 una tarifa acorde a la complejidad y volumen de la recuperaci\u00f3n, siempre previa aceptaci\u00f3n del usuario.<\/p>\n<p style=\"text-align: justify;\">La reposici\u00f3n de datos borrados s\u00f3lo est\u00e1 incluida en el precio del servicio cuando la p\u00e9rdida del contenido sea debida a causas atribuibles a JIMENO SALCEDO ASESORES ASOCIADOS, S.L..<\/p>\n<p style=\"text-align: justify;\"><strong>Comunicaciones comerciales<\/strong><\/p>\n<p style=\"text-align: justify;\">En aplicaci\u00f3n de la LSSI. JIMENO SALCEDO ASESORES ASOCIADOS, S.L. no enviar\u00e1 comunicaciones publicitarias o promocionales por correo electr\u00f3nico u otro medio de comunicaci\u00f3n electr\u00f3nica equivalente que previamente no hubieran sido solicitadas o expresamente autorizadas por los destinatarios de las mismas.<\/p>\n<p style=\"text-align: justify;\">En el caso de usuarios con los que exista una relaci\u00f3n contractual previa, JIMENO SALCEDO ASESORES ASOCIADOS, S.L. s\u00ed est\u00e1 autorizado al env\u00edo de comunicaciones comerciales referentes a productos o servicios de JIMENO SALCEDO ASESORES ASOCIADOS, S.L. que sean similares a los que inicialmente fueron objeto de contrataci\u00f3n con el cliente.<\/p>\n<p style=\"text-align: justify;\">En todo caso, el usuario, tras acreditar su identidad, podr\u00e1 solicitar que no se le haga llegar m\u00e1s informaci\u00f3n comercial a trav\u00e9s de los canales de Atenci\u00f3n al Cliente.<\/p>\n","protected":false},"excerpt":{"rendered":"<p>POL\u00cdTICA DE PRIVACIDAD Protecci\u00f3n de datos de car\u00e1cter personal seg\u00fan el RGPD JIMENO [&hellip;]<\/p>\n","protected":false},"author":2,"featured_media":0,"parent":0,"menu_order":5,"comment_status":"closed","ping_status":"closed","template":"100-width.php","meta":{"footnotes":""},"class_list":["post-13178","page","type-page","status-publish","hentry"],"_links":{"self":[{"href":"https:\/\/www.aasociados-ls.com\/nueva\/wp-json\/wp\/v2\/pages\/13178","targetHints":{"allow":["GET"]}}],"collection":[{"href":"https:\/\/www.aasociados-ls.com\/nueva\/wp-json\/wp\/v2\/pages"}],"about":[{"href":"https:\/\/www.aasociados-ls.com\/nueva\/wp-json\/wp\/v2\/types\/page"}],"author":[{"embeddable":true,"href":"https:\/\/www.aasociados-ls.com\/nueva\/wp-json\/wp\/v2\/users\/2"}],"replies":[{"embeddable":true,"href":"https:\/\/www.aasociados-ls.com\/nueva\/wp-json\/wp\/v2\/comments?post=13178"}],"version-history":[{"count":6,"href":"https:\/\/www.aasociados-ls.com\/nueva\/wp-json\/wp\/v2\/pages\/13178\/revisions"}],"predecessor-version":[{"id":13215,"href":"https:\/\/www.aasociados-ls.com\/nueva\/wp-json\/wp\/v2\/pages\/13178\/revisions\/13215"}],"wp:attachment":[{"href":"https:\/\/www.aasociados-ls.com\/nueva\/wp-json\/wp\/v2\/media?parent=13178"}],"curies":[{"name":"wp","href":"https:\/\/api.w.org\/{rel}","templated":true}]}}