{"id":13115,"date":"2017-01-22T11:42:47","date_gmt":"2017-01-22T10:42:47","guid":{"rendered":"http:\/\/www.aasociados-ls.com\/nueva\/?page_id=13115"},"modified":"2017-01-23T01:56:52","modified_gmt":"2017-01-23T00:56:52","slug":"servicios","status":"publish","type":"page","link":"https:\/\/www.aasociados-ls.com\/nueva\/servicios\/","title":{"rendered":"Servicios"},"content":{"rendered":"<p><div class=\"fusion-fullwidth fullwidth-box fusion-builder-row-1 nonhundred-percent-fullwidth non-hundred-percent-height-scrolling\" style=\"--awb-background-position:left top;--awb-border-radius-top-left:0px;--awb-border-radius-top-right:0px;--awb-border-radius-bottom-right:0px;--awb-border-radius-bottom-left:0px;--awb-padding-top:75px;--awb-padding-bottom:70px;--awb-border-sizes-top:0px;--awb-border-sizes-bottom:0px;\" ><div class=\"fusion-builder-row fusion-row\"><div class=\"fusion-layout-column fusion_builder_column fusion-builder-column-0 fusion_builder_column_1_2 1_2 fusion-one-half fusion-column-first\" style=\"--awb-bg-size:cover;width:48%; margin-right: 4%;\"><div class=\"fusion-column-wrapper fusion-flex-column-wrapper-legacy\"><div class=\"fusion-text fusion-text-1\"><h2>Servicios a\u00f1adidos<\/h2>\n<div class=\"fusion-text fusion-text-1\"><\/div>\n<\/div><div class=\"fusion-text fusion-text-3\"><p>La calidad de nuestros servicios se concreta en la gesti\u00f3n personal y directa en las propias empresas, con visitas mensuales o cuando sea requerida nuestra asistencia por motivos especiales.<\/p>\n<\/div><div class=\"fusion-clearfix\"><\/div><\/div><\/div><div class=\"fusion-layout-column fusion_builder_column fusion-builder-column-1 fusion_builder_column_1_2 1_2 fusion-one-half fusion-column-last\" style=\"--awb-bg-size:cover;width:48%;\"><div class=\"fusion-column-wrapper fusion-flex-column-wrapper-legacy\"><div class=\"fusion-progressbar fusion-progressbar-text-on-bar\"><div class=\"fusion-progressbar-bar progress-bar progress-striped active\"><div class=\"progress progress-bar-content\" style=\"width:0%;\" role=\"progressbar\" aria-labelledby=\"awb-progressbar-label-1\" aria-valuemin=\"0\" aria-valuemax=\"100\" aria-valuenow=\"100\"><\/div><\/div> <span class=\"progress-title\" style=\"right: calc(15px + 0%);\"><span class=\"fusion-progressbar-text\" id=\"awb-progressbar-label-1\">Servicios Contables<\/span> <\/span><\/div><div class=\"fusion-progressbar fusion-progressbar-text-on-bar\"><div class=\"fusion-progressbar-bar progress-bar progress-striped active\"><div class=\"progress progress-bar-content\" style=\"width:0%;\" role=\"progressbar\" aria-labelledby=\"awb-progressbar-label-2\" aria-valuemin=\"0\" aria-valuemax=\"100\" aria-valuenow=\"100\"><\/div><\/div> <span class=\"progress-title\" style=\"right: calc(15px + 0%);\"><span class=\"fusion-progressbar-text\" id=\"awb-progressbar-label-2\">Servicios Fiscales<\/span> <\/span><\/div><div class=\"fusion-progressbar fusion-progressbar-text-on-bar\"><div class=\"fusion-progressbar-bar progress-bar progress-striped active\"><div class=\"progress progress-bar-content\" style=\"width:0%;\" role=\"progressbar\" aria-labelledby=\"awb-progressbar-label-3\" aria-valuemin=\"0\" aria-valuemax=\"100\" aria-valuenow=\"100\"><\/div><\/div> <span class=\"progress-title\" style=\"right: calc(15px + 0%);\"><span class=\"fusion-progressbar-text\" id=\"awb-progressbar-label-3\">Servicios Laborales<\/span> <\/span><\/div><div class=\"fusion-progressbar fusion-progressbar-text-on-bar\"><div class=\"fusion-progressbar-bar progress-bar progress-striped active\"><div class=\"progress progress-bar-content\" style=\"width:0%;\" role=\"progressbar\" aria-labelledby=\"awb-progressbar-label-4\" aria-valuemin=\"0\" aria-valuemax=\"100\" aria-valuenow=\"100\"><\/div><\/div> <span class=\"progress-title\" style=\"right: calc(15px + 0%);\"><span class=\"fusion-progressbar-text\" id=\"awb-progressbar-label-4\">Servicios Mercantiles<\/span> <\/span><\/div><div class=\"fusion-clearfix\"><\/div><\/div><\/div><\/div><\/div><div class=\"fusion-bg-parallax\" data-bg-align=\"left top\" data-direction=\"up\" data-mute=\"false\" data-opacity=\"100\" data-velocity=\"-0.3\" data-mobile-enabled=\"false\" data-break_parents=\"0\" data-bg-image=\"https:\/\/www.aasociados-ls.com\/nueva\/wp-content\/uploads\/2014\/09\/bkgd_dark.jpg\" data-bg-repeat=\"true\" ><\/div><div class=\"fusion-fullwidth fullwidth-box fusion-builder-row-2 fusion-parallax-up nonhundred-percent-fullwidth non-hundred-percent-height-scrolling\" style=\"--awb-background-position:left top;--awb-background-repeat:repeat;--awb-border-radius-top-left:0px;--awb-border-radius-top-right:0px;--awb-border-radius-bottom-right:0px;--awb-border-radius-bottom-left:0px;--awb-padding-top:75px;--awb-padding-bottom:70px;--awb-background-image:url(&quot;https:\/\/www.aasociados-ls.com\/nueva\/wp-content\/uploads\/2014\/09\/bkgd_dark.jpg&quot;);--awb-border-sizes-top:0px;--awb-border-sizes-bottom:0px;\" ><div class=\"fusion-builder-row fusion-row\"><div class=\"fusion-layout-column fusion_builder_column fusion-builder-column-2 fusion_builder_column_1_2 1_2 fusion-one-half fusion-column-first\" style=\"--awb-bg-position:center center;--awb-bg-size:cover;width:48%; margin-right: 4%;\"><div class=\"fusion-column-wrapper fusion-flex-column-wrapper-legacy\"><div class=\"fusion-image-element fusion-image-align-center in-legacy-container\" style=\"text-align:center;--awb-caption-title-font-family:var(--h2_typography-font-family);--awb-caption-title-font-weight:var(--h2_typography-font-weight);--awb-caption-title-font-style:var(--h2_typography-font-style);--awb-caption-title-size:var(--h2_typography-font-size);--awb-caption-title-transform:var(--h2_typography-text-transform);--awb-caption-title-line-height:var(--h2_typography-line-height);--awb-caption-title-letter-spacing:var(--h2_typography-letter-spacing);\"><div class=\"imageframe-align-center\"><span class=\" fusion-imageframe imageframe-none imageframe-1 hover-type-none\" class=\"image-magnify\" class=\"image-scroll\"><img decoding=\"async\" width=\"562\" height=\"818\" src=\"https:\/\/www.aasociados-ls.com\/nueva\/wp-content\/uploads\/2014\/09\/3circles.png\" alt class=\"img-responsive wp-image-12161\"\/><\/span><\/div><\/div><div class=\"fusion-clearfix\"><\/div><\/div><\/div><div class=\"fusion-layout-column fusion_builder_column fusion-builder-column-3 fusion_builder_column_1_2 1_2 fusion-one-half fusion-column-last\" style=\"--awb-bg-size:cover;width:48%;\"><div class=\"fusion-column-wrapper fusion-flex-column-wrapper-legacy\"><div class=\"fusion-sep-clear\"><\/div><div class=\"fusion-separator\" style=\"margin-left: auto;margin-right: auto;margin-top:15px;margin-bottom:15px;width:100%;max-width:200px;\"><\/div><div class=\"fusion-sep-clear\"><\/div><div class=\"fusion-text fusion-text-4\"><h3 style=\"text-align: center;\"><span style=\"color: #ffffff;\">Servicios Contables<\/span><\/h3>\n<\/div><div class=\"fusion-text fusion-text-5\"><ul>\n<li><span style=\"color: #ffffff;\">Asesoramiento y consultor\u00eda general contable y financiera para sociedades y profesionales<\/span><\/li>\n<li><span style=\"color: #ffffff;\">Libro diario<\/span><\/li>\n<li><span style=\"color: #ffffff;\">Libro inventarios<\/span><\/li>\n<li><span style=\"color: #ffffff;\">Cuentas anuales<\/span><\/li>\n<li><span style=\"color: #ffffff;\">Memoria<\/span><\/li>\n<li><span style=\"color: #ffffff;\">Balances de situaci\u00f3n, p\u00e9rdidas y ganancias<\/span><\/li>\n<\/ul>\n<\/div><div class=\"fusion-sep-clear\"><\/div><div class=\"fusion-separator\" style=\"margin-left: auto;margin-right: auto;margin-top:40px;margin-bottom:45px;width:100%;max-width:200px;\"><div class=\"fusion-separator-border sep-single sep-solid\" style=\"--awb-height:20px;--awb-amount:20px;--awb-sep-color:#e0e0e0;border-color:#e0e0e0;border-top-width:1px;\"><\/div><\/div><div class=\"fusion-sep-clear\"><\/div><div class=\"fusion-text fusion-text-6\"><h3 style=\"text-align: center;\"><span style=\"color: #ffffff;\">Servicios Fiscales<\/span><\/h3>\n<\/div><div class=\"fusion-text fusion-text-7\"><ul>\n<li><span style=\"color: #ffffff;\">Declaraciones de la renta<\/span><\/li>\n<li><span style=\"color: #ffffff;\">Liquidaciones y res\u00famenes anuales<\/span><\/li>\n<li><span style=\"color: #ffffff;\">Impuestos en general<\/span><\/li>\n<li><span style=\"color: #ffffff;\">IVA<\/span><\/li>\n<li><span style=\"color: #ffffff;\">IRPF<\/span><\/li>\n<li><span style=\"color: #ffffff;\">Impuesto sobre sociedades<\/span><\/li>\n<li><span style=\"color: #ffffff;\">Impuesto de transmisiones patrimoniales onerosas y operaciones societarias<\/span><\/li>\n<li><span style=\"color: #ffffff;\">Impuestos de sucesiones y donaciones<\/span><\/li>\n<\/ul>\n<\/div><div class=\"fusion-sep-clear\"><\/div><div class=\"fusion-separator\" style=\"margin-left: auto;margin-right: auto;margin-top:40px;margin-bottom:45px;width:100%;max-width:200px;\"><div class=\"fusion-separator-border sep-single sep-solid\" style=\"--awb-height:20px;--awb-amount:20px;--awb-sep-color:#e0e0e0;border-color:#e0e0e0;border-top-width:1px;\"><\/div><\/div><div class=\"fusion-sep-clear\"><\/div><div class=\"fusion-text fusion-text-8\"><h3 style=\"text-align: center;\"><span style=\"color: #ffffff;\">Servicios Laborales<\/span><\/h3>\n<\/div><div class=\"fusion-text fusion-text-9\"><ul>\n<li><span style=\"color: #ffffff;\">N\u00f3minas<\/span><\/li>\n<li><span style=\"color: #ffffff;\">Contratos laborales<\/span><\/li>\n<li><span style=\"color: #ffffff;\">Res\u00famenes de costes<\/span><\/li>\n<li><span style=\"color: #ffffff;\">Certificados de empresa<\/span><\/li>\n<li><span style=\"color: #ffffff;\">Certificados de desempleo<\/span><\/li>\n<li><span style=\"color: #ffffff;\">Certificados de retenciones<\/span><\/li>\n<li><span style=\"color: #ffffff;\">Finiquitos<\/span><\/li>\n<li><span style=\"color: #ffffff;\">Pr\u00f3rrogas<\/span><\/li>\n<li><span style=\"color: #ffffff;\">Gesti\u00f3n de altas y bajas en la Seguridad Social<\/span><\/li>\n<li><span style=\"color: #ffffff;\">Domiciliaciones de pago de salarios<\/span><\/li>\n<li><span style=\"color: #ffffff;\">Actualizaci\u00f3n de convenios<\/span><\/li>\n<\/ul>\n<\/div><div class=\"fusion-sep-clear\"><\/div><div class=\"fusion-separator\" style=\"margin-left: auto;margin-right: auto;margin-top:40px;margin-bottom:45px;width:100%;max-width:200px;\"><div class=\"fusion-separator-border sep-single sep-solid\" style=\"--awb-height:20px;--awb-amount:20px;--awb-sep-color:#e0e0e0;border-color:#e0e0e0;border-top-width:1px;\"><\/div><\/div><div class=\"fusion-sep-clear\"><\/div><div class=\"fusion-text fusion-text-10\"><h3 style=\"text-align: center;\"><span style=\"color: #ffffff;\">Servicios Mercantiles<\/span><\/h3>\n<\/div><div class=\"fusion-text fusion-text-11\"><ul>\n<li><span style=\"color: #ffffff;\">Asesoramiento continuo en materia mercantil y societaria<\/span><\/li>\n<li><span style=\"color: #ffffff;\">Relaciones entre la empresa y sus socios<\/span><\/li>\n<li><span style=\"color: #ffffff;\">Secretar\u00eda de consejo y administraci\u00f3n de la empresa<\/span><\/li>\n<li><span style=\"color: #ffffff;\">Conflictos societarios: protecci\u00f3n de socios minoritarios<\/span><\/li>\n<li><span style=\"color: #ffffff;\">Representaci\u00f3n de socios a juntas<\/span><\/li>\n<li><span style=\"color: #ffffff;\">Podemos formar parte de su consejo de administraci\u00f3n como asesores<\/span><\/li>\n<li><span style=\"color: #ffffff;\">Gesti\u00f3n de escrituras y libros mercantiles<\/span><\/li>\n<li><span style=\"color: #ffffff;\">Constituci\u00f3n de sociedades<\/span><\/li>\n<li><span style=\"color: #ffffff;\">Solicitud de denominaci\u00f3n de sociedades<\/span><\/li>\n<li><span style=\"color: #ffffff;\">Confecci\u00f3n de libro de actas a la sociedad<\/span><\/li>\n<li><span style=\"color: #ffffff;\">Legalizaci\u00f3n de libros mercantiles<\/span><\/li>\n<li><span style=\"color: #ffffff;\">Informes sobre sociedades mercantiles<\/span><\/li>\n<\/ul>\n<\/div><div class=\"fusion-sep-clear\"><\/div><div class=\"fusion-separator\" style=\"margin-left: auto;margin-right: auto;margin-top:20px;margin-bottom:20px;width:100%;max-width:200px;\"><\/div><div class=\"fusion-sep-clear\"><\/div><div class=\"fusion-aligncenter\"><a class=\"fusion-button button-flat button-xlarge button-custom fusion-button-default button-1 fusion-button-default-span fusion-button-default-type\" style=\"--button_accent_color:rgba(255,255,255,.8);--button_accent_hover_color:#ffffff;--button_border_hover_color:#ffffff;--button_border_width-top:1px;--button_border_width-right:1px;--button_border_width-bottom:1px;--button_border_width-left:1px;--button_gradient_top_color:rgba(255,255,255,0);--button_gradient_bottom_color:rgba(255,255,255,0);--button_gradient_top_color_hover:rgba(255,255,255,.1);--button_gradient_bottom_color_hover:rgba(255,255,255,.1);\" target=\"_blank\" rel=\"noopener noreferrer\" href=\"#\" data-toggle=\"modal\" data-target=\".fusion-modal.contact\"><span class=\"fusion-button-text\">\u00a1Contacte con Nosotros!<\/span><\/a><\/div><div class=\"fusion-clearfix\"><\/div><\/div><\/div><div class=\"fusion-layout-column fusion_builder_column fusion-builder-column-4 fusion_builder_column_1_1 1_1 fusion-one-full fusion-column-first fusion-column-last fusion-column-no-min-height\" style=\"--awb-bg-size:cover;--awb-margin-bottom:0px;\"><div class=\"fusion-column-wrapper fusion-flex-column-wrapper-legacy\"><div class=\"fusion-modal modal fade modal-1 contact\" tabindex=\"-1\" role=\"dialog\" aria-labelledby=\"modal-heading-1\" aria-hidden=\"true\" style=\"--awb-border-color:#ebebeb;--awb-background:#ffffff;\"><div class=\"modal-dialog modal-lg\" role=\"document\"><div class=\"modal-content fusion-modal-content\"><div class=\"modal-header\"><button class=\"close\" type=\"button\" data-dismiss=\"modal\" aria-hidden=\"true\" aria-label=\"Close\">&times;<\/button><h3 class=\"modal-title\" id=\"modal-heading-1\" data-dismiss=\"modal\" aria-hidden=\"true\">\u00a1Contacta con Nosotros!<\/h3><\/div><div class=\"modal-body fusion-clearfix\"><div class=\"fusion-builder-row fusion-builder-row-inner fusion-row\"><div class=\"fusion-layout-column fusion_builder_column_inner fusion-builder-nested-column-0 fusion_builder_column_inner_2_5 2_5 fusion-two-fifth fusion-column-first\" style=\"--awb-bg-size:cover;width:40%;width:calc(40% - ( ( 4% ) * 0.4 ) );margin-right: 4%;\"><div class=\"fusion-column-wrapper fusion-flex-column-wrapper-legacy\"><div class=\"fusion-text fusion-text-12\"><p><div class=\"fusion-text fusion-text-12\"><\/div><div class=\"fusion-text fusion-text-13\"><\/div><div class=\"fusion-text fusion-text-14\"><\/div><\/p>\n<\/div><div class=\"fusion-text fusion-text-16\"><\/div><div class=\"fusion-text fusion-text-17\"><\/div><div class=\"fusion-sep-clear\"><\/div><div class=\"fusion-separator fusion-full-width-sep\" style=\"margin-left: auto;margin-right: auto;margin-top:10px;margin-bottom:0px;width:100%;\"><\/div><div class=\"fusion-sep-clear\"><\/div><div class=\"fusion-image-element in-legacy-container\" style=\"--awb-caption-title-font-family:var(--h2_typography-font-family);--awb-caption-title-font-weight:var(--h2_typography-font-weight);--awb-caption-title-font-style:var(--h2_typography-font-style);--awb-caption-title-size:var(--h2_typography-font-size);--awb-caption-title-transform:var(--h2_typography-text-transform);--awb-caption-title-line-height:var(--h2_typography-line-height);--awb-caption-title-letter-spacing:var(--h2_typography-letter-spacing);\"><span class=\" fusion-imageframe imageframe-none imageframe-2 hover-type-none\" class=\"image-magnify\" class=\"image-scroll\"><img decoding=\"async\" width=\"136\" height=\"152\" title=\"logo_web\" src=\"https:\/\/www.aasociados-ls.com\/nueva\/wp-content\/uploads\/2017\/01\/logo_web.jpg\" alt class=\"img-responsive wp-image-13021\"\/><\/span><\/div><div class=\"fusion-sep-clear\"><\/div><div class=\"fusion-separator fusion-full-width-sep\" style=\"margin-left: auto;margin-right: auto;margin-top:5px;margin-bottom:5px;width:100%;\"><\/div><div class=\"fusion-sep-clear\"><\/div><div class=\"fusion-text fusion-text-18\"><p>Rellena este formulario y nos pondremos en contacto contigo lo antes posible. \u00a1Gracias por tu inter\u00e9s!<\/p>\n<p><strong>Calle Maestro Alonso, 22 Local 8<div class=\"fusion-text fusion-text-18\"><\/div><div class=\"fusion-text fusion-text-19\"><\/div><\/p>\n<\/div><div class=\"fusion-text fusion-text-21\"><\/div><div class=\"fusion-text fusion-text-22\"><p>28028 Madrid (Espa\u00f1a)<br \/>\n91 713 11 93<\/strong><\/p>\n<p>asesores@aasociados-ls.com<br \/>\nwww.aasociados-ls.com<\/p>\n<\/div> <div class=\"fusion-clearfix\"><\/div><\/div><\/div><div class=\"fusion-layout-column fusion_builder_column_inner fusion-builder-nested-column-1 fusion_builder_column_inner_3_5 3_5 fusion-three-fifth fusion-column-last\" style=\"--awb-bg-size:cover;width:60%;width:calc(60% - ( ( 4% ) * 0.6 ) );\"><div class=\"fusion-column-wrapper fusion-flex-column-wrapper-legacy\">\n<div class=\"fusion-text fusion-text-23\">\n<div class=\"wpcf7 no-js\" id=\"wpcf7-f12002-o1\" lang=\"en-US\" dir=\"ltr\" data-wpcf7-id=\"12002\">\n<div class=\"screen-reader-response\"><p role=\"status\" aria-live=\"polite\" aria-atomic=\"true\"><\/p> <ul><\/ul><\/div>\n<form action=\"\/nueva\/wp-json\/wp\/v2\/pages\/13115#wpcf7-f12002-o1\" method=\"post\" class=\"wpcf7-form init wpcf7-acceptance-as-validation\" aria-label=\"Contact form\" novalidate=\"novalidate\" data-status=\"init\">\n<fieldset class=\"hidden-fields-container\"><input type=\"hidden\" name=\"_wpcf7\" value=\"12002\" \/><input type=\"hidden\" name=\"_wpcf7_version\" value=\"6.1.3\" \/><input type=\"hidden\" name=\"_wpcf7_locale\" value=\"en_US\" \/><input type=\"hidden\" name=\"_wpcf7_unit_tag\" value=\"wpcf7-f12002-o1\" \/><input type=\"hidden\" name=\"_wpcf7_container_post\" value=\"0\" \/><input type=\"hidden\" name=\"_wpcf7_posted_data_hash\" value=\"\" \/>\n<\/fieldset>\n<p><label> Nombre y Apellidos (requerido)<br \/>\n<span class=\"wpcf7-form-control-wrap\" data-name=\"your-name\"><input size=\"40\" maxlength=\"400\" class=\"wpcf7-form-control wpcf7-text wpcf7-validates-as-required\" aria-required=\"true\" aria-invalid=\"false\" value=\"\" type=\"text\" name=\"your-name\" \/><\/span> <\/label>\n<\/p>\n<p><label> Correo Electr\u00f3nico (requerido)<br \/>\n<span class=\"wpcf7-form-control-wrap\" data-name=\"your-email\"><input size=\"40\" maxlength=\"400\" class=\"wpcf7-form-control wpcf7-email wpcf7-validates-as-required wpcf7-text wpcf7-validates-as-email\" aria-required=\"true\" aria-invalid=\"false\" value=\"\" type=\"email\" name=\"your-email\" \/><\/span> <\/label>\n<\/p>\n<p><label> Asunto<br \/>\n<span class=\"wpcf7-form-control-wrap\" data-name=\"your-subject\"><input size=\"40\" maxlength=\"400\" class=\"wpcf7-form-control wpcf7-text\" aria-invalid=\"false\" value=\"\" type=\"text\" name=\"your-subject\" \/><\/span> <\/label>\n<\/p>\n<p><label> Mensaje<br \/>\n<span class=\"wpcf7-form-control-wrap\" data-name=\"your-message\"><textarea cols=\"40\" rows=\"10\" maxlength=\"2000\" class=\"wpcf7-form-control wpcf7-textarea\" aria-invalid=\"false\" name=\"your-message\"><\/textarea><\/span> <\/label>\n<\/p>\n<p><span class=\"wpcf7-form-control-wrap\" data-name=\"your-consent\"><span class=\"wpcf7-form-control wpcf7-acceptance\"><span class=\"wpcf7-list-item\"><label><input type=\"checkbox\" name=\"your-consent\" value=\"1\" aria-invalid=\"false\" \/><span class=\"wpcf7-list-item-label\">He le\u00eddo y acepto la pol\u00edtica de protecci\u00f3n de datos de Asesores Asociados S.L.<\/span><\/label><\/span><\/span><\/span><br \/>\nPuede consultar nuestra pol\u00edtica de protecci\u00f3n de datos <a href=\"https:\/\/www.aasociados-ls.com\/nueva\/proteccion-legal\/\" target=\"_blank\"><b>aqu\u00ed<\/b><\/a>.\n<\/p>\n<p><input class=\"wpcf7-form-control wpcf7-submit has-spinner\" type=\"submit\" value=\"Enviar\" \/>\n<\/p><p style=\"display: none !important;\" class=\"akismet-fields-container\" data-prefix=\"_wpcf7_ak_\"><label>&#916;<textarea name=\"_wpcf7_ak_hp_textarea\" cols=\"45\" rows=\"8\" maxlength=\"100\"><\/textarea><\/label><input type=\"hidden\" id=\"ak_js_1\" name=\"_wpcf7_ak_js\" value=\"246\"\/><script>document.getElementById( \"ak_js_1\" ).setAttribute( \"value\", ( new Date() ).getTime() );<\/script><\/p><div class=\"fusion-alert alert custom alert-custom fusion-alert-center wpcf7-response-output alert-dismissable\" style=\"--awb-border-size:1px;\" role=\"alert\"><div class=\"fusion-alert-content-wrapper\"><span class=\"fusion-alert-content\"><\/span><\/div><button type=\"button\" class=\"close toggle-alert\" data-dismiss=\"alert\" aria-label=\"Close\">&times;<\/button><\/div>\n<\/form>\n<\/div>\n\n<\/div>\n<div class=\"fusion-clearfix\"><\/div><\/div><\/div><\/div><\/div><div class=\"modal-footer\"><button class=\"fusion-button button-default button-medium button default medium\" type=\"button\" data-dismiss=\"modal\">Close<\/button><\/div><\/div><\/div><\/div><div class=\"fusion-clearfix\"><\/div><\/div><\/div><\/div><\/div><div class=\"fusion-fullwidth fullwidth-box fusion-builder-row-3 hundred-percent-fullwidth non-hundred-percent-height-scrolling\" style=\"--awb-border-radius-top-left:0px;--awb-border-radius-top-right:0px;--awb-border-radius-bottom-right:0px;--awb-border-radius-bottom-left:0px;--awb-overflow:visible;\" ><div class=\"fusion-builder-row fusion-row\"><div class=\"fusion-layout-column fusion_builder_column fusion-builder-column-5 fusion_builder_column_1_1 1_1 fusion-one-full fusion-column-first fusion-column-last fusion-column-no-min-height\" style=\"--awb-bg-size:cover;--awb-margin-bottom:0px;\"><div class=\"fusion-column-wrapper fusion-flex-column-wrapper-legacy\"><div class=\"fusion-text fusion-text-24\"><\/div><div class=\"fusion-clearfix\"><\/div><\/div><\/div><\/div><\/div><\/p>\n","protected":false},"excerpt":{"rendered":"","protected":false},"author":2,"featured_media":0,"parent":0,"menu_order":3,"comment_status":"closed","ping_status":"closed","template":"100-width.php","meta":{"footnotes":""},"class_list":["post-13115","page","type-page","status-publish","hentry"],"_links":{"self":[{"href":"https:\/\/www.aasociados-ls.com\/nueva\/wp-json\/wp\/v2\/pages\/13115","targetHints":{"allow":["GET"]}}],"collection":[{"href":"https:\/\/www.aasociados-ls.com\/nueva\/wp-json\/wp\/v2\/pages"}],"about":[{"href":"https:\/\/www.aasociados-ls.com\/nueva\/wp-json\/wp\/v2\/types\/page"}],"author":[{"embeddable":true,"href":"https:\/\/www.aasociados-ls.com\/nueva\/wp-json\/wp\/v2\/users\/2"}],"replies":[{"embeddable":true,"href":"https:\/\/www.aasociados-ls.com\/nueva\/wp-json\/wp\/v2\/comments?post=13115"}],"version-history":[{"count":17,"href":"https:\/\/www.aasociados-ls.com\/nueva\/wp-json\/wp\/v2\/pages\/13115\/revisions"}],"predecessor-version":[{"id":13148,"href":"https:\/\/www.aasociados-ls.com\/nueva\/wp-json\/wp\/v2\/pages\/13115\/revisions\/13148"}],"wp:attachment":[{"href":"https:\/\/www.aasociados-ls.com\/nueva\/wp-json\/wp\/v2\/media?parent=13115"}],"curies":[{"name":"wp","href":"https:\/\/api.w.org\/{rel}","templated":true}]}}